{"id":775,"date":"2024-01-24T11:47:08","date_gmt":"2024-01-24T10:47:08","guid":{"rendered":"https:\/\/herograindustrial.com\/politica-de-cookies\/"},"modified":"2024-04-02T08:49:12","modified_gmt":"2024-04-02T06:49:12","slug":"cookie-policy","status":"publish","type":"page","link":"https:\/\/herograindustrial.com\/en\/cookie-policy\/","title":{"rendered":"Cookie policy"},"content":{"rendered":"\n<p>Este Sitio web, al igual que la mayor\u00eda de los sitios en Internet, usa Cookies para mejorar y optimizar la experiencia del usuario. A continuaci\u00f3n, encontrar\u00e1 informaci\u00f3n detallada sobre qu\u00e9 son las \u201cCookies\u201d, qu\u00e9 tipolog\u00eda utiliza este Sitio web, c\u00f3mo puede desactivarlas en su navegador y c\u00f3mo bloquear espec\u00edficamente la instalaci\u00f3n de Cookies de terceros.<\/p>\n\n\n\n<p><strong>\u00bfQU\u00c9 SON LAS COOKIES Y C\u00d3MO LAS UTILIZA EL SITIO WEB DE LYS DEL SUR S.L.?<\/strong><\/p>\n\n\n\n<p>Las Cookies son archivos que el Sitio web o la aplicaci\u00f3n que utiliza instala en su navegador o en su dispositivo (Smartphone, tableta o televisi\u00f3n conectada) durante su recorrido por las p\u00e1ginas o por la aplicaci\u00f3n, y sirven para almacenar informaci\u00f3n sobre su visita. Como la mayor\u00eda de los sitios en internet, el portal web de HEROGRA FERTILIZANTES S.A. utiliza Cookies para:<\/p>\n\n\n\n<p>Asegurar que las p\u00e1ginas web pueden funcionar correctamente<\/p>\n\n\n\n<p>Almacenar sus preferencias, como el idioma que ha seleccionado o el tama\u00f1o de letra.<\/p>\n\n\n\n<p>Conocer su experiencia de navegaci\u00f3n.<\/p>\n\n\n\n<p>Recopilar informaci\u00f3n estad\u00edstica an\u00f3nima, como qu\u00e9 p\u00e1ginas ha visto o cu\u00e1nto tiempo ha estado en nuestros medios.<\/p>\n\n\n\n<p>El uso de Cookies nos permite optimizar su navegaci\u00f3n, adaptando la informaci\u00f3n y los servicios ofrecidos a sus intereses, para proporcionarle una mejor experiencia siempre que nos visite. El Sitio web de HEROGRA FERTILIZANTES S.A utiliza Cookies para funcionar, adaptar y facilitar al m\u00e1ximo la navegaci\u00f3n del Usuario.<\/p>\n\n\n\n<p>Las Cookies se asocian \u00fanicamente a un usuario an\u00f3nimo y su ordenador\/dispositivo y no proporcionan referencias que permitan conocer datos personales. En todo momento podr\u00e1 acceder a la configuraci\u00f3n de su navegador para modificar y\/o bloquear la instalaci\u00f3n de las Cookies enviadas por el Sitio web de HEROGRA FERTILIZANTES S.A., sin que ello impida al acceso a los contenidos. Sin embargo, la calidad del funcionamiento de los servicios puede verse afectada.<\/p>\n\n\n\n<p>Los Usuarios que completen el proceso de registro o hayan iniciado sesi\u00f3n con sus datos de acceso podr\u00e1n acceder a servicios personalizados y adaptados a sus preferencias seg\u00fan la informaci\u00f3n personal suministrada en el momento del registro y la almacenada en la Cookie de su navegador.<\/p>\n\n\n\n<p>Las herramientas de email-marketing de HEROGRA FERTILIZANTES S.A. utilizan peque\u00f1as im\u00e1genes invisibles para los usuarios que son incluidas en los emails. Esta tecnolog\u00eda nos permite saber si un email se ha le\u00eddo o no, en qu\u00e9 fecha, la direcci\u00f3n IP desde la que ha sido consultado, etc. Con esta informaci\u00f3n, realizamos estudios estad\u00edsticos y anal\u00edticos sobre el env\u00edo y recepci\u00f3n de los emails para mejorar la oferta de los servicios a los que el usuario est\u00e1 suscrito y ofrecerle informaci\u00f3n que pueda ser de su inter\u00e9s.<\/p>\n\n\n\n<p><strong>\u00bfPOR QU\u00c9 SON IMPORTANTES LAS COOKIES?<\/strong><\/p>\n\n\n\n<p>Desde un punto de vista t\u00e9cnico, permiten que el Sitio web funcione de forma m\u00e1s \u00e1gil y adaptada a las preferencias de los usuarios, como por ejemplo almacenar el idioma, la moneda del pa\u00eds o detectar el dispositivo de acceso. Establecen niveles de protecci\u00f3n y seguridad que impiden o dificultan ciberataques contra el Sitio web o sus usuarios.<\/p>\n","protected":false},"excerpt":{"rendered":"<p>Este Sitio web, al igual que la mayor\u00eda de los sitios en Internet, usa Cookies para mejorar y optimizar la experiencia del usuario. A continuaci\u00f3n, encontrar\u00e1 informaci\u00f3n detallada sobre qu\u00e9 son las \u201cCookies\u201d, qu\u00e9 tipolog\u00eda utiliza este Sitio web, c\u00f3mo puede desactivarlas en su navegador y c\u00f3mo bloquear espec\u00edficamente la instalaci\u00f3n de Cookies de terceros. [&hellip;]<\/p>\n","protected":false},"author":1,"featured_media":0,"parent":0,"menu_order":0,"comment_status":"closed","ping_status":"closed","template":"","meta":{"_acf_changed":false,"footnotes":""},"class_list":["post-775","page","type-page","status-publish","hentry"],"acf":[],"yoast_head":"<!-- This site is optimized with the Yoast SEO plugin v23.5 - https:\/\/yoast.com\/wordpress\/plugins\/seo\/ -->\n<title>Cookie policy - Herogra Industrial<\/title>\n<meta name=\"robots\" content=\"index, follow, max-snippet:-1, max-image-preview:large, max-video-preview:-1\" \/>\n<link rel=\"canonical\" href=\"https:\/\/herograindustrial.com\/en\/cookie-policy\/\" \/>\n<meta property=\"og:locale\" content=\"en_US\" \/>\n<meta property=\"og:type\" content=\"article\" \/>\n<meta property=\"og:title\" content=\"Cookie policy - Herogra Industrial\" \/>\n<meta property=\"og:description\" content=\"Este Sitio web, al igual que la mayor\u00eda de los sitios en Internet, usa Cookies para mejorar y optimizar la experiencia del usuario. A continuaci\u00f3n, encontrar\u00e1 informaci\u00f3n detallada sobre qu\u00e9 son las \u201cCookies\u201d, qu\u00e9 tipolog\u00eda utiliza este Sitio web, c\u00f3mo puede desactivarlas en su navegador y c\u00f3mo bloquear espec\u00edficamente la instalaci\u00f3n de Cookies de terceros. [&hellip;]\" \/>\n<meta property=\"og:url\" content=\"https:\/\/herograindustrial.com\/en\/cookie-policy\/\" \/>\n<meta property=\"og:site_name\" content=\"Herogra Industrial\" \/>\n<meta property=\"article:modified_time\" content=\"2024-04-02T06:49:12+00:00\" \/>\n<meta name=\"twitter:card\" content=\"summary_large_image\" \/>\n<meta name=\"twitter:label1\" content=\"Est. reading time\" \/>\n\t<meta name=\"twitter:data1\" content=\"3 minutes\" \/>\n<script type=\"application\/ld+json\" class=\"yoast-schema-graph\">{\"@context\":\"https:\/\/schema.org\",\"@graph\":[{\"@type\":\"WebPage\",\"@id\":\"https:\/\/herograindustrial.com\/en\/cookie-policy\/\",\"url\":\"https:\/\/herograindustrial.com\/en\/cookie-policy\/\",\"name\":\"Cookie policy - Herogra Industrial\",\"isPartOf\":{\"@id\":\"https:\/\/herograindustrial.com\/#website\"},\"datePublished\":\"2024-01-24T10:47:08+00:00\",\"dateModified\":\"2024-04-02T06:49:12+00:00\",\"breadcrumb\":{\"@id\":\"https:\/\/herograindustrial.com\/en\/cookie-policy\/#breadcrumb\"},\"inLanguage\":\"en-US\",\"potentialAction\":[{\"@type\":\"ReadAction\",\"target\":[\"https:\/\/herograindustrial.com\/en\/cookie-policy\/\"]}]},{\"@type\":\"BreadcrumbList\",\"@id\":\"https:\/\/herograindustrial.com\/en\/cookie-policy\/#breadcrumb\",\"itemListElement\":[{\"@type\":\"ListItem\",\"position\":1,\"name\":\"Portada\",\"item\":\"https:\/\/herograindustrial.com\/en\/\"},{\"@type\":\"ListItem\",\"position\":2,\"name\":\"Cookie policy\"}]},{\"@type\":\"WebSite\",\"@id\":\"https:\/\/herograindustrial.com\/#website\",\"url\":\"https:\/\/herograindustrial.com\/\",\"name\":\"Herogra Industrial\",\"description\":\"Qu\u00edmica que impulsa la industria hacia adelante\",\"potentialAction\":[{\"@type\":\"SearchAction\",\"target\":{\"@type\":\"EntryPoint\",\"urlTemplate\":\"https:\/\/herograindustrial.com\/?s={search_term_string}\"},\"query-input\":{\"@type\":\"PropertyValueSpecification\",\"valueRequired\":true,\"valueName\":\"search_term_string\"}}],\"inLanguage\":\"en-US\"}]}<\/script>\n<!-- \/ Yoast SEO plugin. -->","yoast_head_json":{"title":"Cookie policy - Herogra Industrial","robots":{"index":"index","follow":"follow","max-snippet":"max-snippet:-1","max-image-preview":"max-image-preview:large","max-video-preview":"max-video-preview:-1"},"canonical":"https:\/\/herograindustrial.com\/en\/cookie-policy\/","og_locale":"en_US","og_type":"article","og_title":"Cookie policy - Herogra Industrial","og_description":"Este Sitio web, al igual que la mayor\u00eda de los sitios en Internet, usa Cookies para mejorar y optimizar la experiencia del usuario. A continuaci\u00f3n, encontrar\u00e1 informaci\u00f3n detallada sobre qu\u00e9 son las \u201cCookies\u201d, qu\u00e9 tipolog\u00eda utiliza este Sitio web, c\u00f3mo puede desactivarlas en su navegador y c\u00f3mo bloquear espec\u00edficamente la instalaci\u00f3n de Cookies de terceros. [&hellip;]","og_url":"https:\/\/herograindustrial.com\/en\/cookie-policy\/","og_site_name":"Herogra Industrial","article_modified_time":"2024-04-02T06:49:12+00:00","twitter_card":"summary_large_image","twitter_misc":{"Est. reading time":"3 minutes"},"schema":{"@context":"https:\/\/schema.org","@graph":[{"@type":"WebPage","@id":"https:\/\/herograindustrial.com\/en\/cookie-policy\/","url":"https:\/\/herograindustrial.com\/en\/cookie-policy\/","name":"Cookie policy - Herogra Industrial","isPartOf":{"@id":"https:\/\/herograindustrial.com\/#website"},"datePublished":"2024-01-24T10:47:08+00:00","dateModified":"2024-04-02T06:49:12+00:00","breadcrumb":{"@id":"https:\/\/herograindustrial.com\/en\/cookie-policy\/#breadcrumb"},"inLanguage":"en-US","potentialAction":[{"@type":"ReadAction","target":["https:\/\/herograindustrial.com\/en\/cookie-policy\/"]}]},{"@type":"BreadcrumbList","@id":"https:\/\/herograindustrial.com\/en\/cookie-policy\/#breadcrumb","itemListElement":[{"@type":"ListItem","position":1,"name":"Portada","item":"https:\/\/herograindustrial.com\/en\/"},{"@type":"ListItem","position":2,"name":"Cookie policy"}]},{"@type":"WebSite","@id":"https:\/\/herograindustrial.com\/#website","url":"https:\/\/herograindustrial.com\/","name":"Herogra Industrial","description":"Qu\u00edmica que impulsa la industria hacia adelante","potentialAction":[{"@type":"SearchAction","target":{"@type":"EntryPoint","urlTemplate":"https:\/\/herograindustrial.com\/?s={search_term_string}"},"query-input":{"@type":"PropertyValueSpecification","valueRequired":true,"valueName":"search_term_string"}}],"inLanguage":"en-US"}]}},"_links":{"self":[{"href":"https:\/\/herograindustrial.com\/en\/wp-json\/wp\/v2\/pages\/775","targetHints":{"allow":["GET"]}}],"collection":[{"href":"https:\/\/herograindustrial.com\/en\/wp-json\/wp\/v2\/pages"}],"about":[{"href":"https:\/\/herograindustrial.com\/en\/wp-json\/wp\/v2\/types\/page"}],"author":[{"embeddable":true,"href":"https:\/\/herograindustrial.com\/en\/wp-json\/wp\/v2\/users\/1"}],"replies":[{"embeddable":true,"href":"https:\/\/herograindustrial.com\/en\/wp-json\/wp\/v2\/comments?post=775"}],"version-history":[{"count":1,"href":"https:\/\/herograindustrial.com\/en\/wp-json\/wp\/v2\/pages\/775\/revisions"}],"predecessor-version":[{"id":901,"href":"https:\/\/herograindustrial.com\/en\/wp-json\/wp\/v2\/pages\/775\/revisions\/901"}],"wp:attachment":[{"href":"https:\/\/herograindustrial.com\/en\/wp-json\/wp\/v2\/media?parent=775"}],"curies":[{"name":"wp","href":"https:\/\/api.w.org\/{rel}","templated":true}]}}